{"id":19821,"date":"2018-03-02T17:02:01","date_gmt":"2018-03-02T16:02:01","guid":{"rendered":"https:\/\/gessner-aufstellungen.de\/about-me-2\/network\/"},"modified":"2025-07-24T10:19:22","modified_gmt":"2025-07-24T09:19:22","slug":"network","status":"publish","type":"page","link":"https:\/\/gessner-aufstellungen.de\/en\/about-me-2\/network\/","title":{"rendered":"Network"},"content":{"rendered":"<p>[et_pb_section fb_built=&#8221;1&#8243; _builder_version=&#8221;4.16&#8243; custom_padding=&#8221;0px|||||&#8221; global_colors_info=&#8221;{}&#8221;][et_pb_row _builder_version=&#8221;4.16&#8243; background_size=&#8221;initial&#8221; background_position=&#8221;top_left&#8221; background_repeat=&#8221;repeat&#8221; custom_padding=&#8221;29px|||||&#8221; global_colors_info=&#8221;{}&#8221;][et_pb_column type=&#8221;4_4&#8243; _builder_version=&#8221;4.16&#8243; custom_padding=&#8221;|||&#8221; global_colors_info=&#8221;{}&#8221; custom_padding__hover=&#8221;|||&#8221;][et_pb_image src=&#8221;https:\/\/gessner-aufstellungen.de\/wp-content\/uploads\/2020\/03\/S-DIVI-Netzwerk.jpg&#8221; _builder_version=&#8221;4.16&#8243; global_colors_info=&#8221;{}&#8221;][\/et_pb_image][\/et_pb_column][\/et_pb_row][et_pb_row _builder_version=&#8221;4.16&#8243; global_colors_info=&#8221;{}&#8221;][et_pb_column type=&#8221;4_4&#8243; _builder_version=&#8221;4.16&#8243; global_colors_info=&#8221;{}&#8221;][et_pb_text _builder_version=&#8221;4.19.1&#8243; _module_preset=&#8221;default&#8221; global_colors_info=&#8221;{}&#8221;]<\/p>\n<h1>Network<\/h1>\n<p><\/p>\n<h2>\u00a0<\/h2>\n<p><\/p>\n<h2>\u00a0<\/h2>\n<p><\/p>\n<h2><span style=\"color: #000080;\">Publisher<\/span><\/h2>\n<p><\/p>\n<p><a href=\"http:\/\/innenwelt-verlag.de\/\">Innenwelt Verlag Cologne<\/a><\/p>\n<p>[\/et_pb_text][et_pb_text _builder_version=&#8221;4.27.4&#8243; custom_margin=&#8221;17px|||||&#8221; hover_enabled=&#8221;0&#8243; global_colors_info=&#8221;{}&#8221; sticky_enabled=&#8221;0&#8243;]<\/p>\n<h2><span style=\"color: #000080;\">LIP in Europe: the Nelles Institutes<\/span><\/h2>\n<p><\/p>\n<p><a href=\"http:\/\/www.nelles-institut.de\/\">Nelles Institute, Marmagen (Eifel) \/ Berlin<\/a><\/p>\n<p><\/p>\n<p>Dr. Wilfried Nelles &amp; Malte Nelles &#8211; Institute for Phenomenological Psychology, Life Integration Process and Constellation Work, training courses: basic, advanced and master&#8217;s level<\/p>\n<p><\/p>\n<p><a href=\"https:\/\/lebensintegrationsprozess.at\/\">Nelles Institute Austria, Vienna<\/a><\/p>\n<p><\/p>\n<p>Suse Legler &#8211; Life Integration Process, <i>life counselling <\/i>and constellation work, training courses: basic and advanced level<\/p>\n<p><\/p>\n<p><a href=\"https:\/\/www.nellesinstitut.ch\/\">Nelles Institute Switzerland, Lucerne<\/a><\/p>\n<p><\/p>\n<p>Ruedi Eggerschwiler &amp; Anne Petersen &#8211; Life Integration Process, <i>coaching<\/i> and constellation work, basic and advanced training courses<\/p>\n<p><\/p>\n<p><a href=\"https:\/\/www.nellesinstitut.de\/nl\/\">Nelles Institute Netherlands, Utrecht<\/a><\/p>\n<p><\/p>\n<p>Coen Aalders &amp; Vivi\u00ebnne Lodder &#8211; Life Integration Process, <i>organisational consulting<\/i> and constellation work, basic and advanced training courses<\/p>\n<p><\/p>\n<p><a href=\"http:\/\/wilfried-nelles.cz\/\">Nelles Institute \u010cR, Czech Republic<\/a><\/p>\n<p><\/p>\n<p>Petra Pejchalov\u00e1 &amp; Jan Pe\u0161i\u010dka &#8211; Life Integration Process, constellation work and phenomenological psychology, basic and advanced training courses<\/p>\n<p><\/p>\n<p><a href=\"https:\/\/www.nellesinstitut.ro\/\">Nelles Institute Transylvania, Romania and Hungary<\/a><\/p>\n<p><\/p>\n<p>Ed\u00f3 Gergely &#8211; Life Integration Process, coaching and constellation work, basic and advanced training courses<\/p>\n<p>[\/et_pb_text][\/et_pb_column][\/et_pb_row][et_pb_row _builder_version=&#8221;4.16&#8243; _module_preset=&#8221;default&#8221; global_colors_info=&#8221;{}&#8221;][et_pb_column type=&#8221;4_4&#8243; _builder_version=&#8221;4.16&#8243; _module_preset=&#8221;default&#8221; global_colors_info=&#8221;{}&#8221;][et_pb_text _builder_version=&#8221;4.27.3&#8243; _module_preset=&#8221;default&#8221; global_colors_info=&#8221;{}&#8221;]<\/p>\n<h2><span style=\"color: #000080;\">Further guest lectureships<\/span><\/h2>\n<p><\/p>\n<p><a href=\"http:\/\/www.zist.de\/de\">ZIST gGmbH, Penzberg<\/a><\/p>\n<p><\/p>\n<p>Centre for personal and professional development in potential-oriented self-awareness and psychotherapy<\/p>\n<p><\/p>\n<p><a href=\"http:\/\/www.ksa-heidelberg.de\/\">Heidelberg Institute for Clinical Pastoral Care Training<\/a><\/p>\n<p><\/p>\n<p>Training, further education and continuing professional development for hospital chaplains<\/p>\n<p>[\/et_pb_text][\/et_pb_column][\/et_pb_row][et_pb_row _builder_version=&#8221;4.16&#8243; _module_preset=&#8221;default&#8221; global_colors_info=&#8221;{}&#8221;][et_pb_column type=&#8221;4_4&#8243; _builder_version=&#8221;4.16&#8243; _module_preset=&#8221;default&#8221; global_colors_info=&#8221;{}&#8221;][et_pb_text _builder_version=&#8221;4.27.4&#8243; _module_preset=&#8221;default&#8221; hover_enabled=&#8221;0&#8243; global_colors_info=&#8221;{}&#8221; sticky_enabled=&#8221;0&#8243;]<\/p>\n<h2><span style=\"color: #000080;\">Dear colleagues<\/span><\/h2>\n<p><\/p>\n<p><a href=\"http:\/\/selbstgefuehl.com\/\">Melanie Ge\u00dfner, Halle (Saale): <\/a>Systemic counselling for men and women who have experienced abuse: client-oriented conversation, body and energy work<\/p>\n<p><\/p>\n<p><a href=\"http:\/\/lebensberatungbrandenburg.de\/\">Dr. Torsten Kastner<\/a>, Lehnin Monastery, OT Damsdorf:<\/p>\n<p><\/p>\n<p>Life counselling &amp; constellation work as well as systemic, bioenergetic, naturopathic and hypnotherapeutic methods<\/p>\n<p><\/p>\n<p><a href=\"http:\/\/www.nana-krueger.berlin\/\">Nana Kr\u00fcger<\/a>, Berlin: Family constellations, symptom constellations, script and role constellations, LIP according to Nelles \/ individual and couples counselling in individual settings in M\u00e4rkische Schweiz<\/p>\n<p>[\/et_pb_text][\/et_pb_column][\/et_pb_row][et_pb_row _builder_version=&#8221;4.16&#8243; _module_preset=&#8221;default&#8221; global_colors_info=&#8221;{}&#8221;][et_pb_column type=&#8221;4_4&#8243; _builder_version=&#8221;4.16&#8243; _module_preset=&#8221;default&#8221; global_colors_info=&#8221;{}&#8221;][et_pb_text _builder_version=&#8221;4.27.4&#8243; _module_preset=&#8221;default&#8221; hover_enabled=&#8221;0&#8243; global_colors_info=&#8221;{}&#8221; sticky_enabled=&#8221;0&#8243;]<\/p>\n<h2><span style=\"color: #000080;\">Graduates of my training courses<\/span><\/h2>\n<p><\/p>\n<p><a href=\"https:\/\/www.systemische-streitschlichtung.de\">Katharina Burmeister<\/a>, Leipzig: Constellations, systemic coaching, systemic conflict resolution. Continuing education trainer (DGfS) in training.<\/p>\n<p><\/p>\n<p><a href=\"https:\/\/mirjaheunemann.de\">Mirja Heunemann<\/a>, Werther (Westphalia): Communication training, constellations, counselling, mediation. Certified systemic constellation facilitator (DGfS).<\/p>\n<p><\/p>\n<p><a href=\"https:\/\/www.visensa.ch\/\">Antje Martin<\/a>, Hochfelden, Switzerland: Systemic constellations, Life Integration Process (LIP according to Nelles). Specialisation: religious-spiritual context\/meditation, psychiatry, forensics. Recognised systemic constellation facilitator (DGfS)<\/p>\n<p><\/p>\n<p><a href=\"https:\/\/coaching-winkler.de\/\">Ralf Winkler<\/a>, Jena: Coaching, systemic constellations, Life Integration Process (LIP according to Nelles), 3rd spokesperson for the DGfS regional group in Central Germany. Certified systemic constellation facilitator (DGfS)<\/p>\n<p>[\/et_pb_text][\/et_pb_column][\/et_pb_row][et_pb_row _builder_version=&#8221;4.16&#8243; _module_preset=&#8221;default&#8221; global_colors_info=&#8221;{}&#8221;][et_pb_column type=&#8221;4_4&#8243; _builder_version=&#8221;4.16&#8243; _module_preset=&#8221;default&#8221; global_colors_info=&#8221;{}&#8221;][et_pb_text _builder_version=&#8221;4.27.3&#8243; _module_preset=&#8221;default&#8221; global_colors_info=&#8221;{}&#8221;]<\/p>\n<h2>Professional association for systemic constellations<\/h2>\n<p><\/p>\n<h3>\u00a0<\/h3>\n<p><\/p>\n<p><a href=\"https:\/\/www.systemaufstellung.com\/\">German Association for Systemic Constellations (DGfS):<\/a>German Association for Systemic Constellations (DGfS), federal professional association in Krefeld<\/p>\n<p><\/p>\n<p><a href=\"https:\/\/systemaufstellung.com\/regional\/wir-ueber-uns-1\">Regional group of the DGfS \u2018Central Germany\u2019<\/a> in Jena for Thuringia, Saxony and Saxony-Anhalt<\/p>\n<p>[\/et_pb_text][\/et_pb_column][\/et_pb_row][\/et_pb_section]<\/p>\n","protected":false},"excerpt":{"rendered":"<p>Publisher, European Network Life Integration Process (LIP according to Nelles), partner institutes, colleagues, professional association<\/p>\n","protected":false},"author":2,"featured_media":0,"parent":15376,"menu_order":3,"comment_status":"closed","ping_status":"closed","template":"","meta":{"_et_pb_use_builder":"on","_et_pb_old_content":"","_et_gb_content_width":"","footnotes":""},"class_list":["post-19821","page","type-page","status-publish","hentry"],"_links":{"self":[{"href":"https:\/\/gessner-aufstellungen.de\/en\/wp-json\/wp\/v2\/pages\/19821","targetHints":{"allow":["GET"]}}],"collection":[{"href":"https:\/\/gessner-aufstellungen.de\/en\/wp-json\/wp\/v2\/pages"}],"about":[{"href":"https:\/\/gessner-aufstellungen.de\/en\/wp-json\/wp\/v2\/types\/page"}],"author":[{"embeddable":true,"href":"https:\/\/gessner-aufstellungen.de\/en\/wp-json\/wp\/v2\/users\/2"}],"replies":[{"embeddable":true,"href":"https:\/\/gessner-aufstellungen.de\/en\/wp-json\/wp\/v2\/comments?post=19821"}],"version-history":[{"count":5,"href":"https:\/\/gessner-aufstellungen.de\/en\/wp-json\/wp\/v2\/pages\/19821\/revisions"}],"predecessor-version":[{"id":19828,"href":"https:\/\/gessner-aufstellungen.de\/en\/wp-json\/wp\/v2\/pages\/19821\/revisions\/19828"}],"up":[{"embeddable":true,"href":"https:\/\/gessner-aufstellungen.de\/en\/wp-json\/wp\/v2\/pages\/15376"}],"wp:attachment":[{"href":"https:\/\/gessner-aufstellungen.de\/en\/wp-json\/wp\/v2\/media?parent=19821"}],"curies":[{"name":"wp","href":"https:\/\/api.w.org\/{rel}","templated":true}]}}